{"id":4026,"date":"2026-01-04T18:47:59","date_gmt":"2026-01-04T17:47:59","guid":{"rendered":"https:\/\/www.achimrhinow.de\/?page_id=4026"},"modified":"2026-01-14T20:19:31","modified_gmt":"2026-01-14T19:19:31","slug":"imprint-pri","status":"publish","type":"page","link":"https:\/\/www.achimrhinow.de\/?page_id=4026","title":{"rendered":"Impressum I Datenschutzerkl\u00e4rung"},"content":{"rendered":"\t\t<div data-elementor-type=\"wp-page\" data-elementor-id=\"4026\" class=\"elementor elementor-4026\">\n\t\t\t\t\t\t<section class=\"elementor-section elementor-top-section elementor-element elementor-element-77cbe38 elementor-section-boxed elementor-section-height-default elementor-section-height-default\" data-id=\"77cbe38\" data-element_type=\"section\">\n\t\t\t\t\t\t<div class=\"elementor-container elementor-column-gap-default\">\n\t\t\t\t\t<div class=\"elementor-column elementor-col-100 elementor-top-column elementor-element elementor-element-e63da60\" data-id=\"e63da60\" data-element_type=\"column\">\n\t\t\t<div class=\"elementor-widget-wrap elementor-element-populated\">\n\t\t\t\t\t\t<div class=\"elementor-element elementor-element-b9fa356 elementor-widget elementor-widget-heading\" data-id=\"b9fa356\" data-element_type=\"widget\" data-widget_type=\"heading.default\">\n\t\t\t\t<div class=\"elementor-widget-container\">\n\t\t\t\t\t<h2 class=\"elementor-heading-title elementor-size-default\">Impressum<\/h2>\t\t\t\t<\/div>\n\t\t\t\t<\/div>\n\t\t\t\t<div class=\"elementor-element elementor-element-9a1a136 elementor-widget elementor-widget-text-editor\" data-id=\"9a1a136\" data-element_type=\"widget\" data-widget_type=\"text-editor.default\">\n\t\t\t\t<div class=\"elementor-widget-container\">\n\t\t\t\t\t\t\t\t\t<p data-start=\"160\" data-end=\"303\"><strong data-start=\"160\" data-end=\"186\">Angaben gem\u00e4\u00df \u00a7 5 TMG:<\/strong><br data-start=\"186\" data-end=\"189\" \/>Achim Rhinow<br data-start=\"201\" data-end=\"204\" \/>Mediendesigner, Musiker, Komponist, Texter<br data-start=\"246\" data-end=\"249\" \/>Freiheitsstra\u00dfe 17<br data-start=\"267\" data-end=\"270\" \/>53757 Sankt Augustin, Deutschland<\/p><p data-start=\"305\" data-end=\"378\"><strong data-start=\"305\" data-end=\"317\">Kontakt:<\/strong><br data-start=\"317\" data-end=\"320\" \/>Telefon: 02241 8997664<br data-start=\"342\" data-end=\"345\" \/>E-Mail: kontakt(at)achimrhinow.de<\/p><p data-start=\"380\" data-end=\"434\"><strong data-start=\"380\" data-end=\"432\">Quellen f\u00fcr die verwendeten Bilder und Grafiken:<\/strong><\/p><ul data-start=\"435\" data-end=\"621\"><li data-start=\"435\" data-end=\"470\"><p data-start=\"437\" data-end=\"470\">Die jeweiligen Filmproduktionen<\/p><\/li><li data-start=\"471\" data-end=\"487\"><p data-start=\"473\" data-end=\"487\">Achim Rhinow<\/p><\/li><li data-start=\"488\" data-end=\"504\"><p data-start=\"490\" data-end=\"504\">Hans Dreijer<\/p><\/li><li data-start=\"505\" data-end=\"520\"><p data-start=\"507\" data-end=\"520\">J\u00f6rg K\u00fcster<\/p><\/li><li data-start=\"521\" data-end=\"560\"><p data-start=\"523\" data-end=\"560\">Markus Hilger (Set-Fotos OSHCO-CON)<\/p><\/li><li data-start=\"561\" data-end=\"577\"><p data-start=\"563\" data-end=\"577\">Beate Kirsch<\/p><\/li><li data-start=\"578\" data-end=\"621\"><p data-start=\"580\" data-end=\"621\">Verschiedene Produktionsfirmen und Sender<\/p><\/li><\/ul><p data-start=\"623\" data-end=\"643\">Quelle: e-recht24.de<\/p><hr data-start=\"645\" data-end=\"648\" \/><h3 data-start=\"650\" data-end=\"689\"><strong data-start=\"654\" data-end=\"689\">Haftungsausschluss (Disclaimer)<\/strong><\/h3><p data-start=\"691\" data-end=\"1135\"><strong data-start=\"691\" data-end=\"714\">Haftung f\u00fcr Inhalte<\/strong><br data-start=\"714\" data-end=\"717\" \/>Als Diensteanbieter sind wir f\u00fcr eigene Inhalte auf diesen Seiten gem\u00e4\u00df \u00a7 7 Abs. 1 TMG und allgemein g\u00fcltigem Recht verantwortlich.<br data-start=\"848\" data-end=\"851\" \/>Wir sind jedoch nicht verpflichtet, \u00fcbermittelte oder gespeicherte fremde Informationen zu \u00fcberwachen oder nach Umst\u00e4nden zu forschen, die auf eine rechtswidrige T\u00e4tigkeit hinweisen. Verpflichtungen zur Entfernung oder Sperrung der Nutzung von Informationen bleiben hiervon unber\u00fchrt.<\/p><p data-start=\"1137\" data-end=\"1685\"><strong data-start=\"1137\" data-end=\"1158\">Haftung f\u00fcr Links<\/strong><br data-start=\"1158\" data-end=\"1161\" \/>Unsere Website enth\u00e4lt Verlinkungen zu externen Webseiten Dritter, auf deren Inhalte wir keinen Einfluss haben. Deshalb \u00fcbernehmen wir keine Haftung f\u00fcr diese fremden Inhalte. F\u00fcr den Inhalt verlinkter Seiten sind ausschlie\u00dflich deren Betreiber verantwortlich. Zum Zeitpunkt der Verlinkung wurden keine Rechtsverst\u00f6\u00dfe festgestellt. Eine st\u00e4ndige inhaltliche Kontrolle der verlinkten Seiten ist jedoch ohne konkrete Anhaltspunkte nicht zumutbar. Bei Bekanntwerden von Rechtsverst\u00f6\u00dfen werden wir entsprechende Links entfernen.<\/p><p data-start=\"2740\" data-end=\"3000\">\u00a0<\/p>\t\t\t\t\t\t\t\t<\/div>\n\t\t\t\t<\/div>\n\t\t\t\t<div class=\"elementor-element elementor-element-0009513 elementor-widget elementor-widget-spacer\" data-id=\"0009513\" data-element_type=\"widget\" data-widget_type=\"spacer.default\">\n\t\t\t\t<div class=\"elementor-widget-container\">\n\t\t\t\t\t\t\t<div class=\"elementor-spacer\">\n\t\t\t<div class=\"elementor-spacer-inner\"><\/div>\n\t\t<\/div>\n\t\t\t\t\t\t<\/div>\n\t\t\t\t<\/div>\n\t\t\t\t<div class=\"elementor-element elementor-element-eabad10 elementor-widget elementor-widget-heading\" data-id=\"eabad10\" data-element_type=\"widget\" data-widget_type=\"heading.default\">\n\t\t\t\t<div class=\"elementor-widget-container\">\n\t\t\t\t\t<h2 class=\"elementor-heading-title elementor-size-default\">Datenschutzerkl\u00e4rung<\/h2>\t\t\t\t<\/div>\n\t\t\t\t<\/div>\n\t\t\t\t<div class=\"elementor-element elementor-element-6c9f00d elementor-widget elementor-widget-text-editor\" data-id=\"6c9f00d\" data-element_type=\"widget\" data-widget_type=\"text-editor.default\">\n\t\t\t\t<div class=\"elementor-widget-container\">\n\t\t\t\t\t\t\t\t\t<p data-start=\"2303\" data-end=\"2546\"><strong>Datenschutzhinweise<\/strong><\/p><p data-start=\"2303\" data-end=\"2546\">Sie k\u00f6nnen die Webseite in der Regel nutzen, ohne pers\u00f6nliche Daten preiszugeben. Wenn wir pers\u00f6nliche Daten abfragen (z. B. Name, Adresse, E-Mail), erfolgt das stets freiwillig. Wir geben diese Informationen nicht ohne Ihre Zustimmung weiter.<\/p><p data-start=\"2548\" data-end=\"2738\">Bitte beachten Sie, dass Daten\u00fcbertragung im Internet (z. B. bei E-Mail-Kommunikation) Sicherheitsl\u00fccken aufweisen kann. Ein vollst\u00e4ndiger Schutz gegen den Zugriff Dritter ist nicht m\u00f6glich.<\/p><p data-start=\"2740\" data-end=\"3000\"><strong data-start=\"2740\" data-end=\"3000\">Wir widersprechen ausdr\u00fccklich der Nutzung unserer im Impressum ver\u00f6ffentlichten Kontaktdaten durch Dritte f\u00fcr Werbezwecke oder zur \u00dcbersendung unverlangter Werbung. Bei unaufgeforderter Zusendung von Werbematerial behalten wir uns rechtliche Schritte vor.<\/strong><\/p><h3 data-start=\"3007\" data-end=\"3061\"><strong data-start=\"3011\" data-end=\"3061\">Datenschutzerkl\u00e4rung der eingebundenen Dienste<\/strong><\/h3><p data-start=\"3063\" data-end=\"3137\">Die Website nutzt unter anderem Plugins von Facebook und Google AdSense.<\/p><ul data-start=\"3138\" data-end=\"3351\"><li data-start=\"3138\" data-end=\"3250\"><p data-start=\"3140\" data-end=\"3250\">Facebook erh\u00e4lt beim Besuch der Seite Daten \u00fcber Ihren Besuch und ggf. Ihr Profil, wenn Sie angemeldet sind.<\/p><\/li><li data-start=\"3251\" data-end=\"3351\"><p data-start=\"3253\" data-end=\"3351\">Google AdSense verwendet Cookies und Web-Beacons, um Besucherzahlen und Werbeleistung auszuwerten.<\/p><\/li><\/ul><p data-start=\"3353\" data-end=\"3486\">Sie k\u00f6nnen Cookies \u00fcber Ihre Browsereinstellungen verhindern oder l\u00f6schen, was jedoch die Funktionalit\u00e4t der Seite einschr\u00e4nken kann.<\/p><hr data-start=\"3488\" data-end=\"3491\" \/>\t\t\t\t\t\t\t\t<\/div>\n\t\t\t\t<\/div>\n\t\t\t\t\t<\/div>\n\t\t<\/div>\n\t\t\t\t\t<\/div>\n\t\t<\/section>\n\t\t\t\t<\/div>\n\t\t","protected":false},"excerpt":{"rendered":"<p>Impressum Angaben gem\u00e4\u00df \u00a7 5 TMG:Achim RhinowMediendesigner, Musiker, Komponist, TexterFreiheitsstra\u00dfe 1753757 Sankt Augustin, Deutschland Kontakt:Telefon: 02241 8997664E-Mail: kontakt(at)achimrhinow.de Quellen f\u00fcr die verwendeten Bilder und Grafiken: Die jeweiligen Filmproduktionen Achim Rhinow Hans Dreijer J\u00f6rg K\u00fcster Markus Hilger (Set-Fotos OSHCO-CON) Beate Kirsch Verschiedene Produktionsfirmen und Sender Quelle: e-recht24.de Haftungsausschluss (Disclaimer) Haftung f\u00fcr InhalteAls Diensteanbieter sind wir f\u00fcr &hellip; <a href=\"https:\/\/www.achimrhinow.de\/?page_id=4026\" class=\"more-link\">Continue reading <span class=\"screen-reader-text\">Impressum I Datenschutzerkl\u00e4rung<\/span> <span class=\"meta-nav\">&rarr;<\/span><\/a><\/p>\n","protected":false},"author":1,"featured_media":0,"parent":0,"menu_order":0,"comment_status":"closed","ping_status":"closed","template":"elementor_canvas","meta":{"_acf_changed":false,"footnotes":""},"class_list":["post-4026","page","type-page","status-publish","hentry"],"acf":[],"yoast_head":"<!-- This site is optimized with the Yoast SEO plugin v26.8 - https:\/\/yoast.com\/product\/yoast-seo-wordpress\/ -->\n<title>Impressum I Datenschutzerkl\u00e4rung - Achim Rhinow<\/title>\n<meta name=\"robots\" content=\"index, follow, max-snippet:-1, max-image-preview:large, max-video-preview:-1\" \/>\n<link rel=\"canonical\" href=\"https:\/\/www.achimrhinow.de\/?page_id=4026\" \/>\n<meta property=\"og:locale\" content=\"en_US\" \/>\n<meta property=\"og:type\" content=\"article\" \/>\n<meta property=\"og:title\" content=\"Impressum I Datenschutzerkl\u00e4rung - Achim Rhinow\" \/>\n<meta property=\"og:description\" content=\"Impressum Angaben gem\u00e4\u00df \u00a7 5 TMG:Achim RhinowMediendesigner, Musiker, Komponist, TexterFreiheitsstra\u00dfe 1753757 Sankt Augustin, Deutschland Kontakt:Telefon: 02241 8997664E-Mail: kontakt(at)achimrhinow.de Quellen f\u00fcr die verwendeten Bilder und Grafiken: Die jeweiligen Filmproduktionen Achim Rhinow Hans Dreijer J\u00f6rg K\u00fcster Markus Hilger (Set-Fotos OSHCO-CON) Beate Kirsch Verschiedene Produktionsfirmen und Sender Quelle: e-recht24.de Haftungsausschluss (Disclaimer) Haftung f\u00fcr InhalteAls Diensteanbieter sind wir f\u00fcr &hellip; Continue reading Impressum I Datenschutzerkl\u00e4rung &rarr;\" \/>\n<meta property=\"og:url\" content=\"https:\/\/www.achimrhinow.de\/?page_id=4026\" \/>\n<meta property=\"og:site_name\" content=\"Achim Rhinow\" \/>\n<meta property=\"article:modified_time\" content=\"2026-01-14T19:19:31+00:00\" \/>\n<meta name=\"twitter:card\" content=\"summary_large_image\" \/>\n<meta name=\"twitter:label1\" content=\"Est. reading time\" \/>\n\t<meta name=\"twitter:data1\" content=\"2 minutes\" \/>\n<script type=\"application\/ld+json\" class=\"yoast-schema-graph\">{\"@context\":\"https:\/\/schema.org\",\"@graph\":[{\"@type\":\"WebPage\",\"@id\":\"https:\/\/www.achimrhinow.de\/?page_id=4026\",\"url\":\"https:\/\/www.achimrhinow.de\/?page_id=4026\",\"name\":\"Impressum I Datenschutzerkl\u00e4rung - Achim Rhinow\",\"isPartOf\":{\"@id\":\"https:\/\/www.achimrhinow.de\/#website\"},\"datePublished\":\"2026-01-04T17:47:59+00:00\",\"dateModified\":\"2026-01-14T19:19:31+00:00\",\"breadcrumb\":{\"@id\":\"https:\/\/www.achimrhinow.de\/?page_id=4026#breadcrumb\"},\"inLanguage\":\"en-US\",\"potentialAction\":[{\"@type\":\"ReadAction\",\"target\":[\"https:\/\/www.achimrhinow.de\/?page_id=4026\"]}]},{\"@type\":\"BreadcrumbList\",\"@id\":\"https:\/\/www.achimrhinow.de\/?page_id=4026#breadcrumb\",\"itemListElement\":[{\"@type\":\"ListItem\",\"position\":1,\"name\":\"Startseite\",\"item\":\"https:\/\/www.achimrhinow.de\/\"},{\"@type\":\"ListItem\",\"position\":2,\"name\":\"Impressum I Datenschutzerkl\u00e4rung\"}]},{\"@type\":\"WebSite\",\"@id\":\"https:\/\/www.achimrhinow.de\/#website\",\"url\":\"https:\/\/www.achimrhinow.de\/\",\"name\":\"Achim Rhinow\",\"description\":\"Medienproduktion\",\"publisher\":{\"@id\":\"https:\/\/www.achimrhinow.de\/#\/schema\/person\/73d6997da966cc62fd623bc2760ba573\"},\"potentialAction\":[{\"@type\":\"SearchAction\",\"target\":{\"@type\":\"EntryPoint\",\"urlTemplate\":\"https:\/\/www.achimrhinow.de\/?s={search_term_string}\"},\"query-input\":{\"@type\":\"PropertyValueSpecification\",\"valueRequired\":true,\"valueName\":\"search_term_string\"}}],\"inLanguage\":\"en-US\"},{\"@type\":[\"Person\",\"Organization\"],\"@id\":\"https:\/\/www.achimrhinow.de\/#\/schema\/person\/73d6997da966cc62fd623bc2760ba573\",\"name\":\"ARWeb\",\"image\":{\"@type\":\"ImageObject\",\"inLanguage\":\"en-US\",\"@id\":\"https:\/\/www.achimrhinow.de\/#\/schema\/person\/image\/\",\"url\":\"https:\/\/www.achimrhinow.de\/wp-content\/uploads\/2023\/11\/cropped-Achim_Rhinow_Medienproduktion_Logo.png\",\"contentUrl\":\"https:\/\/www.achimrhinow.de\/wp-content\/uploads\/2023\/11\/cropped-Achim_Rhinow_Medienproduktion_Logo.png\",\"width\":1727,\"height\":444,\"caption\":\"ARWeb\"},\"logo\":{\"@id\":\"https:\/\/www.achimrhinow.de\/#\/schema\/person\/image\/\"},\"description\":\"I am a media producer and specialist in video, audio, photography and (post-)production. I am a video producer and director specializing in high-quality trade fair, event and brand videos. Combining strong visual storytelling with professional sound design to create content that delivers lasting impact beyond the event.\",\"sameAs\":[\"http:\/\/achimrhinow.de\",\"https:\/\/www.instagram.com\/achimrhinow\/\",\"linkedin.com\/in\/achim-rhinow-medienproduktion\",\"https:\/\/www.youtube.com\/@AchimRhinowMedienproduktion\",\"soundcloud.com\/DonBonnMusic\"]}]}<\/script>\n<!-- \/ Yoast SEO plugin. -->","yoast_head_json":{"title":"Impressum I Datenschutzerkl\u00e4rung - Achim Rhinow","robots":{"index":"index","follow":"follow","max-snippet":"max-snippet:-1","max-image-preview":"max-image-preview:large","max-video-preview":"max-video-preview:-1"},"canonical":"https:\/\/www.achimrhinow.de\/?page_id=4026","og_locale":"en_US","og_type":"article","og_title":"Impressum I Datenschutzerkl\u00e4rung - Achim Rhinow","og_description":"Impressum Angaben gem\u00e4\u00df \u00a7 5 TMG:Achim RhinowMediendesigner, Musiker, Komponist, TexterFreiheitsstra\u00dfe 1753757 Sankt Augustin, Deutschland Kontakt:Telefon: 02241 8997664E-Mail: kontakt(at)achimrhinow.de Quellen f\u00fcr die verwendeten Bilder und Grafiken: Die jeweiligen Filmproduktionen Achim Rhinow Hans Dreijer J\u00f6rg K\u00fcster Markus Hilger (Set-Fotos OSHCO-CON) Beate Kirsch Verschiedene Produktionsfirmen und Sender Quelle: e-recht24.de Haftungsausschluss (Disclaimer) Haftung f\u00fcr InhalteAls Diensteanbieter sind wir f\u00fcr &hellip; Continue reading Impressum I Datenschutzerkl\u00e4rung &rarr;","og_url":"https:\/\/www.achimrhinow.de\/?page_id=4026","og_site_name":"Achim Rhinow","article_modified_time":"2026-01-14T19:19:31+00:00","twitter_card":"summary_large_image","twitter_misc":{"Est. reading time":"2 minutes"},"schema":{"@context":"https:\/\/schema.org","@graph":[{"@type":"WebPage","@id":"https:\/\/www.achimrhinow.de\/?page_id=4026","url":"https:\/\/www.achimrhinow.de\/?page_id=4026","name":"Impressum I Datenschutzerkl\u00e4rung - Achim Rhinow","isPartOf":{"@id":"https:\/\/www.achimrhinow.de\/#website"},"datePublished":"2026-01-04T17:47:59+00:00","dateModified":"2026-01-14T19:19:31+00:00","breadcrumb":{"@id":"https:\/\/www.achimrhinow.de\/?page_id=4026#breadcrumb"},"inLanguage":"en-US","potentialAction":[{"@type":"ReadAction","target":["https:\/\/www.achimrhinow.de\/?page_id=4026"]}]},{"@type":"BreadcrumbList","@id":"https:\/\/www.achimrhinow.de\/?page_id=4026#breadcrumb","itemListElement":[{"@type":"ListItem","position":1,"name":"Startseite","item":"https:\/\/www.achimrhinow.de\/"},{"@type":"ListItem","position":2,"name":"Impressum I Datenschutzerkl\u00e4rung"}]},{"@type":"WebSite","@id":"https:\/\/www.achimrhinow.de\/#website","url":"https:\/\/www.achimrhinow.de\/","name":"Achim Rhinow","description":"Medienproduktion","publisher":{"@id":"https:\/\/www.achimrhinow.de\/#\/schema\/person\/73d6997da966cc62fd623bc2760ba573"},"potentialAction":[{"@type":"SearchAction","target":{"@type":"EntryPoint","urlTemplate":"https:\/\/www.achimrhinow.de\/?s={search_term_string}"},"query-input":{"@type":"PropertyValueSpecification","valueRequired":true,"valueName":"search_term_string"}}],"inLanguage":"en-US"},{"@type":["Person","Organization"],"@id":"https:\/\/www.achimrhinow.de\/#\/schema\/person\/73d6997da966cc62fd623bc2760ba573","name":"ARWeb","image":{"@type":"ImageObject","inLanguage":"en-US","@id":"https:\/\/www.achimrhinow.de\/#\/schema\/person\/image\/","url":"https:\/\/www.achimrhinow.de\/wp-content\/uploads\/2023\/11\/cropped-Achim_Rhinow_Medienproduktion_Logo.png","contentUrl":"https:\/\/www.achimrhinow.de\/wp-content\/uploads\/2023\/11\/cropped-Achim_Rhinow_Medienproduktion_Logo.png","width":1727,"height":444,"caption":"ARWeb"},"logo":{"@id":"https:\/\/www.achimrhinow.de\/#\/schema\/person\/image\/"},"description":"I am a media producer and specialist in video, audio, photography and (post-)production. I am a video producer and director specializing in high-quality trade fair, event and brand videos. Combining strong visual storytelling with professional sound design to create content that delivers lasting impact beyond the event.","sameAs":["http:\/\/achimrhinow.de","https:\/\/www.instagram.com\/achimrhinow\/","linkedin.com\/in\/achim-rhinow-medienproduktion","https:\/\/www.youtube.com\/@AchimRhinowMedienproduktion","soundcloud.com\/DonBonnMusic"]}]}},"_links":{"self":[{"href":"https:\/\/www.achimrhinow.de\/index.php?rest_route=\/wp\/v2\/pages\/4026","targetHints":{"allow":["GET"]}}],"collection":[{"href":"https:\/\/www.achimrhinow.de\/index.php?rest_route=\/wp\/v2\/pages"}],"about":[{"href":"https:\/\/www.achimrhinow.de\/index.php?rest_route=\/wp\/v2\/types\/page"}],"author":[{"embeddable":true,"href":"https:\/\/www.achimrhinow.de\/index.php?rest_route=\/wp\/v2\/users\/1"}],"replies":[{"embeddable":true,"href":"https:\/\/www.achimrhinow.de\/index.php?rest_route=%2Fwp%2Fv2%2Fcomments&post=4026"}],"version-history":[{"count":20,"href":"https:\/\/www.achimrhinow.de\/index.php?rest_route=\/wp\/v2\/pages\/4026\/revisions"}],"predecessor-version":[{"id":5895,"href":"https:\/\/www.achimrhinow.de\/index.php?rest_route=\/wp\/v2\/pages\/4026\/revisions\/5895"}],"wp:attachment":[{"href":"https:\/\/www.achimrhinow.de\/index.php?rest_route=%2Fwp%2Fv2%2Fmedia&parent=4026"}],"curies":[{"name":"wp","href":"https:\/\/api.w.org\/{rel}","templated":true}]}}